{"id":2294,"date":"2017-11-22T20:22:00","date_gmt":"2017-11-22T20:22:00","guid":{"rendered":"http:\/\/www.wysokastrzyz.rzeszow.opoka.org.pl\/?page_id=2294"},"modified":"2026-02-10T21:33:46","modified_gmt":"2026-02-10T21:33:46","slug":"strona-glowna","status":"publish","type":"page","link":"https:\/\/www.wysokastrzyz.rzeszow.opoka.org.pl\/","title":{"rendered":"Strona g\u0142\u00f3wna"},"content":{"rendered":"\r\n<h2 id=\"pogrzebowe\" class=\"has-text-align-left wp-block-heading\"><strong>Intencje Mszy \u015bwi\u0119tych 20.04. - 26.04. 2026.<\/strong><\/h2>\r\n\r\n \r\n<table width=\"744\">\r\n<tbody>\r\n<tr>\r\n<td width=\"113\"><strong>\u00a0\u00a0\u00a0 \u00a0Dzie\u0144<\/strong><\/td>\r\n<td colspan=\"4\" width=\"631\"><strong>\u00a0\u00a0\u00a0\u00a0 \u00a0\u00a0\u00a0\u00a0\u00a0\u00a0\u00a0\u00a0\u00a0\u00a0\u00a0\u00a0\u00a0\u00a0\u00a0\u00a0\u00a0\u00a0\u00a0\u00a0\u00a0\u00a0\u00a0\u00a0\u00a0\u00a0\u00a0\u00a0\u00a0\u00a0\u00a0\u00a0\u00a0\u00a0\u00a0\u00a0\u00a0Intencja<\/strong><\/td>\r\n<\/tr>\r\n<tr>\r\n<td width=\"113\"><strong>Poniedzia\u0142ek<\/strong>\r\n\r\n<strong>\u00a0\u00a0godz. 16.30<\/strong>\r\n\r\n<strong>\u00a0<\/strong><\/td>\r\n<td colspan=\"4\" width=\"631\"><strong>Ks. Proboszcz -<\/strong><strong> \u00a0\u00a0<\/strong><strong>+ + \u00a0Eugenia \u00a0i \u00a0Stanis\u0142aw \u00a0Sarna,\u00a0 Matylda \u00a0<\/strong>\r\n\r\n<strong>\u00a0\u00a0\u00a0\u00a0\u00a0\u00a0\u00a0\u00a0\u00a0\u00a0\u00a0\u00a0\u00a0\u00a0\u00a0\u00a0\u00a0\u00a0\u00a0\u00a0\u00a0\u00a0\u00a0\u00a0\u00a0\u00a0\u00a0\u00a0 i \u00a0Franciszek\u00a0 Czekaj <\/strong>\r\n\r\n<strong>Ks. Krzysztof -\u00a0 + \u00a0Stanis\u0142aw\u00a0 Bobowski -\u00a0 <\/strong>int. od Amelii Niemiec z rodzin\u0105\r\n\r\n<strong>Ks. Kazimierz -\u00a0 <\/strong><strong>+ \u00a0Romana \u00a0Kulpi\u0144ska - \u00a0<\/strong>od Edyty Szaro i Zofii \u017b\u00f3\u0142ko\u015b z rodz.\r\n\r\n<strong>Ks. Edward - <\/strong><strong>+ \u00a0Romana \u00a0Kulpi\u0144ska - <\/strong>\u00a0int. od rodziny Maciejczyk\u00f3w<\/td>\r\n<\/tr>\r\n<tr>\r\n<td width=\"113\"><strong>Wtorek<\/strong>\r\n\r\n<strong>godz. 16.30<\/strong>\r\n\r\n<strong>\u00a0<\/strong><\/td>\r\n<td colspan=\"4\" width=\"631\"><strong>Ks. Proboszcz -\u00a0 +\u00a0 Lucyna\u00a0 Nowak <\/strong>\r\n\r\n<strong>Ks. Krzysztof -\u00a0 +\u00a0 Irena\u00a0 Niemiec -\u00a0 <\/strong>int. od m\u0119\u017ca J\u00f3zefa\r\n\r\n<strong>Ks. Kazimierz -\u00a0 <\/strong><strong>+ \u00a0Romana \u00a0Kulpi\u0144ska - \u00a0<\/strong>od Edyty Szaro i Zofii \u017b\u00f3\u0142ko\u015b z rodz.\r\n\r\n<strong>Ks. Edward - \u00a0<\/strong><strong>+ \u00a0Romana \u00a0Kulpi\u0144ska - <\/strong>\u00a0int. od rodziny Maciejczyk\u00f3w<\/td>\r\n<\/tr>\r\n<tr>\r\n<td width=\"113\"><strong>\u015aroda<\/strong>\r\n\r\n<strong>godz. 16.30<\/strong>\r\n\r\n<strong>\u00a0<\/strong><\/td>\r\n<td colspan=\"4\" width=\"631\"><strong>Ks. Proboszcz - \u00a0+\u00a0 Ludwik\u00a0 Wilusz -\u00a0 <\/strong>od Krystyny i Wac\u0142awa Wilusz\u00f3w z rodz. <strong>\u00a0\u00a0<\/strong>\r\n\r\n<strong>Ks. Krzysztof -\u00a0 +\u00a0 J\u00f3zefa \u00a0Krzysiak \u00a0<\/strong><strong>w 15 rocznic\u0119 \u015bmierci\u00a0 <\/strong><strong>i\u00a0 +\u00a0 Edward <\/strong>\r\n\r\n<strong>Ks. Kazimierz -\u00a0 <\/strong><strong>+ \u00a0Romana \u00a0Kulpi\u0144ska - <\/strong>\u00a0\u00a0od Jolanty i Janusza Rypy\u015b\u0107 z rodz.\r\n\r\n<strong>Ks. Edward -\u00a0 <\/strong><strong>+ \u00a0Romana \u00a0Kulpi\u0144ska - <\/strong>\u00a0\u00a0int. od Ewy i Stanis\u0142awa Pilch\u00f3w<\/td>\r\n<\/tr>\r\n<tr>\r\n<td width=\"113\"><strong>Czwartek <\/strong>\r\n\r\n<strong>godz. 16.30<\/strong>\r\n\r\n<strong>\u00a0<\/strong><\/td>\r\n<td colspan=\"4\" width=\"631\"><strong>Ks. Proboszcz - \u00a0+\u00a0 Jan\u00a0 Szaro -\u00a0 <\/strong>int. od Bo\u017ceny i Tadeusza Niemc\u00f3w\r\n\r\n<strong>Ks. Krzysztof -\u00a0 +\u00a0 J\u00f3zef\u00a0 Pierzcha\u0142a -\u00a0 <\/strong>int. od wnuk\u00f3w:\u00a0 Jakuba, Anny i Igi\u00a0\u00a0\u00a0\u00a0 <strong>\u00a0<\/strong>\r\n\r\n<strong>Ks. Kazimierz -\u00a0 <\/strong><strong>+ \u00a0Romana \u00a0Kulpi\u0144ska - <\/strong>\u00a0\u00a0od Renaty i Grzegorza W\u0142odyk\u00f3w\r\n\r\n<strong>Ks. Edward - <\/strong>\u00a0<strong>+ \u00a0Romana \u00a0Kulpi\u0144ska -<\/strong> \u00a0\u00a0\u00a0int. od Zofii Ziobro z Godowej<\/td>\r\n<\/tr>\r\n<tr>\r\n<td width=\"113\"><strong>Pi\u0105tek <\/strong>\r\n\r\n<strong>godz. 16.30<\/strong>\r\n\r\n<strong>\u00a0<\/strong><\/td>\r\n<td colspan=\"4\" width=\"631\"><strong>Ks. Proboszcz - \u00a0+ + Ludwika, Waldemar, W\u0142adys\u0142awa\u00a0 i\u00a0 Jan \u0106wikli\u0144scy <\/strong>\r\n\r\n<strong>Ks. Krzysztof -\u00a0 +\u00a0 Franciszek\u00a0 Hart\u00a0 <\/strong><strong>w \u00a049 rocznic\u0119 \u015bmierci<\/strong>\r\n\r\n<strong>Ks. Kazimierz -\u00a0 <\/strong><strong>+ \u00a0Romana\u00a0 Kulpi\u0144ska - <\/strong>\u00a0\u00a0int. od Iwony i Paw\u0142a z Wroc\u0142awia\r\n\r\n<strong>Ks. Edward -\u00a0 <\/strong><strong>+ \u00a0Romana \u00a0Kulpi\u0144ska - \u00a0<\/strong>\u00a0int. od Jacka Cynarskiego z rodzin\u0105<\/td>\r\n<\/tr>\r\n<tr>\r\n<td width=\"113\"><strong>\u00a0\u00a0\u00a0\u00a0 Sobota<\/strong>\r\n\r\n<strong>godz. 16.30<\/strong><\/td>\r\n<td colspan=\"4\" width=\"631\"><strong>Ks. Proboszcz -<\/strong> \u00a0<strong>+ + \u00a0Irena\u00a0 i \u00a0Tadeusz\u00a0 Kumor <\/strong>\r\n\r\n<strong>Ks. Krzysztof -\u00a0 +\u00a0 Ludwik\u00a0 Bobowski -\u00a0 <\/strong>od Barbary i Roberta Fio\u0142k\u00f3w z rodz.\r\n\r\n<strong>Ks. Kazimierz -\u00a0 <\/strong><strong>+ Romana \u00a0Kulpi\u0144ska <\/strong><strong>- <\/strong>\u00a0od Krystyny T\u0119cza z Dobrzechowa\r\n\r\n<strong>Ks. Edward -<\/strong> \u00a0<strong>+ \u00a0Romana \u00a0Kulpi\u0144ska - <\/strong>\u00a0\u00a0int. od Bo\u017ceny Kruczek<\/td>\r\n<\/tr>\r\n<tr>\r\n<td rowspan=\"3\" width=\"113\"><strong>\u00a0<\/strong>\r\n\r\n<strong>\u00a0Niedziela<\/strong>\r\n\r\n<strong>\u00a0<\/strong>\r\n\r\n<strong>\u00a0<\/strong><\/td>\r\n<td width=\"74\"><strong>Godz.<\/strong><\/td>\r\n<td width=\"265\"><strong>Ks.\u00a0 Proboszcz<\/strong><\/td>\r\n<td width=\"66\"><strong>Godz.<\/strong><\/td>\r\n<td width=\"227\"><strong>Ks.\u00a0 Krzysztof<\/strong><\/td>\r\n<\/tr>\r\n<tr>\r\n<td width=\"74\"><strong>8.30<\/strong>\r\n\r\n<strong>\u00a0<\/strong><\/td>\r\n<td width=\"265\"><strong>+ +\u00a0 Cecylia \u00a0i \u00a0Stanis\u0142aw Jamr\u00f3z <\/strong><\/td>\r\n<td width=\"66\"><strong>7.00<\/strong><\/td>\r\n<td width=\"227\"><strong>+ \u00a0Leszek\u00a0 Midura \u00a0\u00a0<\/strong><\/td>\r\n<\/tr>\r\n<tr>\r\n<td width=\"74\"><strong>Op.\u00a0\u00a0\u00a0 10.00<\/strong><\/td>\r\n<td width=\"265\"><strong>+ \u00a0J\u00f3zefa\u00a0 Motyka \u00a0-\u00a0 <\/strong>int. od \u00a0Anety i Leszka Modliszewskich <strong>\u00a0\u00a0<\/strong><\/td>\r\n<td width=\"66\"><strong>11.30<\/strong><\/td>\r\n<td width=\"227\"><strong>+ \u00a0J\u00f3zef\u00a0 Czaja <\/strong>\r\n\r\n<strong>w rocznic\u0119 \u015bmierci<\/strong><strong> \u00a0<\/strong><strong>\u00a0<\/strong><strong>\u00a0<\/strong><\/td>\r\n<\/tr>\r\n<tr>\r\n<td colspan=\"5\" width=\"744\"><strong>Msze \u015bw. gregoria\u0144skie z ofiar pogrzebowych odprawiane na misjach w Czadzie \u2013 w Afryce\u00a0 za\u00a0 dusze \u015bp.\u00a0 + \u00a0Zbigniewa\u00a0 Fio\u0142ka\u00a0 i\u00a0 +\u00a0 Stefana\u00a0 Kawy \u00a0\u00a0do \u015brody\u00a0 \u2013\u00a0 6 maja.\u00a0 \u00a0<\/strong><\/td>\r\n<\/tr>\r\n<\/tbody>\r\n<\/table>\n\r\n\r\n<h2 id=\"pogrzebowe\" class=\"has-text-align-left wp-block-heading\"><strong>I<strong>ntencje pogrzebowe<\/strong><\/strong><\/h2>\r\n\r\n\r\n<table width=\"699\">\r\n<tbody>\r\n<tr>\r\n<td width=\"47\">L.p.<\/td>\r\n<td width=\"529\">\u00a0\u00a0\u00a0\u00a0\u00a0\u00a0\u00a0\u00a0\u00a0\u00a0\u00a0\u00a0\u00a0\u00a0\u00a0\u00a0\u00a0\u00a0\u00a0\u00a0\u00a0\u00a0\u00a0\u00a0\u00a0\u00a0\u00a0\u00a0\u00a0\u00a0\u00a0\u00a0\u00a0\u00a0\u00a0\u00a0\u00a0\u00a0\u00a0\u00a0\u00a0\u00a0\u00a0\u00a0\u00a0 Intencja<\/td>\r\n<td width=\"123\">Data odprawiania<\/td>\r\n<\/tr>\r\n<tr>\r\n<td width=\"47\">1.<\/td>\r\n<td width=\"529\">+ Zbigniew Fio\u0142ek<\/td>\r\n<td width=\"123\">7.04.2026.<\/td>\r\n<\/tr>\r\n<tr>\r\n<td width=\"47\">2.<\/td>\r\n<td width=\"529\">+ Zbigniew Fio\u0142ek<\/td>\r\n<td width=\"123\">8.04.2026.<\/td>\r\n<\/tr>\r\n<tr>\r\n<td width=\"47\">3.<\/td>\r\n<td width=\"529\">+ Zbigniew Fio\u0142ek - int. od Haliny i J\u00f3zefa Kaw\u00f3w<\/td>\r\n<td width=\"123\">9.04.2026.<\/td>\r\n<\/tr>\r\n<tr>\r\n<td width=\"47\">4.<\/td>\r\n<td width=\"529\">+ Zbigniew Fio\u0142ek - int. od s\u0105siadki<\/td>\r\n<td width=\"123\">10.04.2026.<\/td>\r\n<\/tr>\r\n<tr>\r\n<td width=\"47\">5.<\/td>\r\n<td width=\"529\">+ Zbigniew Fio\u0142ek - int. od Katarzyny i Piotra Prokopik\u00f3w z rodzin\u0105<\/td>\r\n<td width=\"123\">11.04.2026.<\/td>\r\n<\/tr>\r\n<tr>\r\n<td width=\"47\">6.<\/td>\r\n<td width=\"529\">+ Zbigniew Fio\u0142ek - int. od OSP Wysoka Dolna<\/td>\r\n<td width=\"123\">12.04.2026.<\/td>\r\n<\/tr>\r\n<tr>\r\n<td width=\"47\">7.<\/td>\r\n<td width=\"529\">+ Zbigniew Fio\u0142ek - int. od KGW Wysoka G\u00f3rna<\/td>\r\n<td width=\"123\">13.04.2026.<\/td>\r\n<\/tr>\r\n<tr>\r\n<td width=\"47\">8.<\/td>\r\n<td width=\"529\">+ Zbigniew Fio\u0142ek - int. od s\u0105siad\u00f3w W\u00f3jcik\u00f3w<\/td>\r\n<td width=\"123\">14.04.2026.<\/td>\r\n<\/tr>\r\n<tr>\r\n<td width=\"47\">9.<\/td>\r\n<td width=\"529\">+ Zbigniew Fio\u0142ek - int. od s\u0105siad\u00f3w Bartkowskich<\/td>\r\n<td width=\"123\">15.04.2026.<\/td>\r\n<\/tr>\r\n<tr>\r\n<td width=\"47\">10.<\/td>\r\n<td width=\"529\">+ Zbigniew Fio\u0142ek - int. od s\u0105siad\u00f3w Ga\u0142uszk\u00f3w i Pask\u00f3w<\/td>\r\n<td width=\"123\">16.04.2026.<\/td>\r\n<\/tr>\r\n<tr>\r\n<td width=\"47\">11.<\/td>\r\n<td width=\"529\">+ Zbigniew Fio\u0142ek - int. od Zbigniewa W\u0142odyki z rodzin\u0105<\/td>\r\n<td width=\"123\">17.04.2026.<\/td>\r\n<\/tr>\r\n<tr>\r\n<td width=\"47\">12.<\/td>\r\n<td width=\"529\">+ Zbigniew Fio\u0142ek - int. od Ma\u0142gorzaty i Leszka Czaj\u00f3w rodzin\u0105<\/td>\r\n<td width=\"123\">18.04.2026.<\/td>\r\n<\/tr>\r\n<tr>\r\n<td width=\"47\">13.<\/td>\r\n<td width=\"529\">+ Zbigniew Fio\u0142ek - int. od Edyty W\u0142odyki<\/td>\r\n<td width=\"123\">19.04.2026.<\/td>\r\n<\/tr>\r\n<tr>\r\n<td width=\"47\">14.<\/td>\r\n<td width=\"529\">+ Zbigniew Fio\u0142ek - int. od Renaty i Grzegorza W\u0142odyk\u00f3w<\/td>\r\n<td width=\"123\">20.04.2026.<\/td>\r\n<\/tr>\r\n<tr>\r\n<td width=\"47\">15.<\/td>\r\n<td width=\"529\">+ Zbigniew Fio\u0142ek - int. od Katarzyny i Daniela Wyci\u015blak\u00f3w z rodzin\u0105<\/td>\r\n<td width=\"123\">21.04.2026.<\/td>\r\n<\/tr>\r\n<tr>\r\n<td width=\"47\">16.<\/td>\r\n<td width=\"529\">+ Zbigniew Fio\u0142ek - int. od OSP Wysoka Dolna<\/td>\r\n<td width=\"123\">22.04.2026.<\/td>\r\n<\/tr>\r\n<tr>\r\n<td width=\"47\">17.<\/td>\r\n<td width=\"529\">+ Zbigniew Fio\u0142ek - int. od Janiny, Maryli i Roberta Wojnar\u00f3w<\/td>\r\n<td width=\"123\">23.04.2026.<\/td>\r\n<\/tr>\r\n<tr>\r\n<td width=\"47\">18.<\/td>\r\n<td width=\"529\">+ Zbigniew Fio\u0142ek - int. od Krystyny Stogiery ze Strzy\u017cowa<\/td>\r\n<td width=\"123\">24.04.2026.<\/td>\r\n<\/tr>\r\n<tr>\r\n<td width=\"47\">19.<\/td>\r\n<td width=\"529\">+ Zbigniew Fio\u0142ek - int. od J\u00f3zefa Klisia z rodzin\u0105<\/td>\r\n<td width=\"123\">25.04.2026.<\/td>\r\n<\/tr>\r\n<tr>\r\n<td width=\"47\">20.<\/td>\r\n<td width=\"529\">+ Zbigniew Fio\u0142ek - int. od Anny i Aleksandra Wyci\u015blak\u00f3w<\/td>\r\n<td width=\"123\">26.04.2026.<\/td>\r\n<\/tr>\r\n<tr>\r\n<td width=\"47\">21.<\/td>\r\n<td width=\"529\">+ Zbigniew Fio\u0142ek - int. od Ewy i Bart\u0142omieja Pietrasz\u00f3w<\/td>\r\n<td width=\"123\">27.04.2026.<\/td>\r\n<\/tr>\r\n<tr>\r\n<td width=\"47\">22.<\/td>\r\n<td width=\"529\">+ Zbigniew Fio\u0142ek - int. od Bronis\u0142awy i Urszuli Filip\u00f3w<\/td>\r\n<td width=\"123\">28.04.2026.<\/td>\r\n<\/tr>\r\n<tr>\r\n<td width=\"47\">23.<\/td>\r\n<td width=\"529\">+ Zbigniew Fio\u0142ek - int. od Bartosza Huczwy z rodzin\u0105<\/td>\r\n<td width=\"123\">29.04.2026.<\/td>\r\n<\/tr>\r\n<tr>\r\n<td width=\"47\">24.<\/td>\r\n<td width=\"529\">+ Zbigniew Fio\u0142ek - int. od Haliny i Stanis\u0142awa Dobrowolskich<\/td>\r\n<td width=\"123\">30.04.2026.<\/td>\r\n<\/tr>\r\n<tr>\r\n<td width=\"47\">25.<\/td>\r\n<td width=\"529\">+ Zbigniew Fio\u0142ek - int. od Bogus\u0142awy i Andrzeja Czaj\u00f3w<\/td>\r\n<td width=\"123\">1.05.2026.<\/td>\r\n<\/tr>\r\n<tr>\r\n<td width=\"47\">26.<\/td>\r\n<td width=\"529\">+ Zbigniew Fio\u0142ek - int. od rodziny Pilch\u00f3w Bonar\u00f3wki<\/td>\r\n<td width=\"123\">2.05.2026.<\/td>\r\n<\/tr>\r\n<tr>\r\n<td width=\"47\">27.<\/td>\r\n<td width=\"529\">+ Zbigniew Fio\u0142ek - int. od rodziny Sarn\u00f3w z W\u0119gl\u00f3wki<\/td>\r\n<td width=\"123\">3.05.2026.<\/td>\r\n<\/tr>\r\n<tr>\r\n<td width=\"47\">28.<\/td>\r\n<td width=\"529\">+ Zbigniew Fio\u0142ek - int. od Jaros\u0142awa z \u017con\u0105<\/td>\r\n<td width=\"123\">4.05.2026.<\/td>\r\n<\/tr>\r\n<tr>\r\n<td width=\"47\">29.<\/td>\r\n<td width=\"529\">+ Zbigniew Fio\u0142ek - int. od Paw\u0142a z rodzin\u0105<\/td>\r\n<td width=\"123\">5.05.2026.<\/td>\r\n<\/tr>\r\n<tr>\r\n<td width=\"47\">30.<\/td>\r\n<td width=\"529\">+ Zbigniew Fio\u0142ek - int. od Grzegorza z rodzin\u0105<\/td>\r\n<td width=\"123\">6.05.2026.<\/td>\r\n<\/tr>\r\n<\/tbody>\r\n<\/table>\r\n&nbsp;\r\n<table width=\"699\">\r\n<tbody>\r\n<tr>\r\n<td width=\"47\">L.p.<\/td>\r\n<td width=\"529\">\u00a0\u00a0\u00a0\u00a0\u00a0\u00a0\u00a0\u00a0\u00a0\u00a0\u00a0\u00a0\u00a0\u00a0\u00a0\u00a0\u00a0\u00a0\u00a0\u00a0\u00a0\u00a0\u00a0\u00a0\u00a0\u00a0\u00a0\u00a0\u00a0\u00a0\u00a0\u00a0\u00a0\u00a0\u00a0\u00a0\u00a0\u00a0\u00a0\u00a0\u00a0\u00a0\u00a0\u00a0\u00a0 Intencja<\/td>\r\n<td width=\"123\">Data odprawiania<\/td>\r\n<\/tr>\r\n<tr>\r\n<td width=\"47\">1.<\/td>\r\n<td width=\"529\">+ Stefan Kawa - int. od Ma\u0142gorzaty i Leszka Czaj\u00f3w<\/td>\r\n<td width=\"123\">7.04.2026.<\/td>\r\n<\/tr>\r\n<tr>\r\n<td width=\"47\">2.<\/td>\r\n<td width=\"529\">+ Stefan Kawa - int. od s\u0105siada Grzegorza z rodzin\u0105<\/td>\r\n<td width=\"123\">8.04.2026.<\/td>\r\n<\/tr>\r\n<tr>\r\n<td width=\"47\">3.<\/td>\r\n<td width=\"529\">+ Stefan Kawa - int. od kolegi Ludwika Le\u015bniak z rodzin\u0105<\/td>\r\n<td width=\"123\">9.04.2026.<\/td>\r\n<\/tr>\r\n<tr>\r\n<td width=\"47\">4.<\/td>\r\n<td width=\"529\">+ Stefan Kawa - int. od kolegi Janusza Kawy z \u017con\u0105<\/td>\r\n<td width=\"123\">10.04.2026.<\/td>\r\n<\/tr>\r\n<tr>\r\n<td width=\"47\">5.<\/td>\r\n<td width=\"529\">+ Stefan Kawa - int. od Renaty i Jacka Kaw\u00f3w<\/td>\r\n<td width=\"123\">11.04.2026.<\/td>\r\n<\/tr>\r\n<tr>\r\n<td width=\"47\">6.<\/td>\r\n<td width=\"529\">+ Stefan Kawa - int. od Mieczys\u0142awy i Janusza Banasi\u00f3w<\/td>\r\n<td width=\"123\">12.04.2026.<\/td>\r\n<\/tr>\r\n<tr>\r\n<td width=\"47\">7.<\/td>\r\n<td width=\"529\">+ Stefan Kawa - int. od Bo\u017ceny i Stanis\u0142awa Drozd\u00f3w<\/td>\r\n<td width=\"123\">13.04.2026.<\/td>\r\n<\/tr>\r\n<tr>\r\n<td width=\"47\">8.<\/td>\r\n<td width=\"529\">+ Stefan Kawa - int. od rodziny Kaw\u00f3w z Koz\u0142\u00f3wka<\/td>\r\n<td width=\"123\">14.04.2026.<\/td>\r\n<\/tr>\r\n<tr>\r\n<td width=\"47\">9.<\/td>\r\n<td width=\"529\">+ Stefan Kawa - int. od Edwarda Szeligi z siostr\u0105<\/td>\r\n<td width=\"123\">15.04.2026.<\/td>\r\n<\/tr>\r\n<tr>\r\n<td width=\"47\">10.<\/td>\r\n<td width=\"529\">+ Stefan Kawa - int. od OSP Wysoka G\u00f3rna<\/td>\r\n<td width=\"123\">16.04.2026.<\/td>\r\n<\/tr>\r\n<tr>\r\n<td width=\"47\">11.<\/td>\r\n<td width=\"529\">+ Stefan Kawa - int. od bratanicy Moniki z rodzin\u0105<\/td>\r\n<td width=\"123\">17.04.2026.<\/td>\r\n<\/tr>\r\n<tr>\r\n<td width=\"47\">12.<\/td>\r\n<td width=\"529\">+ Stefan Kawa - int. od bratanicy Ma\u0142gorzaty z rodzin\u0105<\/td>\r\n<td width=\"123\">18.04.2026.<\/td>\r\n<\/tr>\r\n<tr>\r\n<td width=\"47\">13.<\/td>\r\n<td width=\"529\">+ Stefan Kawa - int. od Heleny i Ryszarda Kij\u00f3w<\/td>\r\n<td width=\"123\">19.04.2026.<\/td>\r\n<\/tr>\r\n<tr>\r\n<td width=\"47\">14.<\/td>\r\n<td width=\"529\">+ Stefan Kawa - int. od Ma\u0142gorzaty i Zenona Przystasi\u00f3w z Sanoka<\/td>\r\n<td width=\"123\">20.04.2026.<\/td>\r\n<\/tr>\r\n<tr>\r\n<td width=\"47\">15.<\/td>\r\n<td width=\"529\">+ Stefan Kawa - int. od Emilii i Mariana Boroni\u00f3w<\/td>\r\n<td width=\"123\">21.04.2026.<\/td>\r\n<\/tr>\r\n<tr>\r\n<td width=\"47\">16.<\/td>\r\n<td width=\"529\">+ Stefan Kawa - int. od Mariana W\u0142odyki z rodzin\u0105<\/td>\r\n<td width=\"123\">22.04.2026.<\/td>\r\n<\/tr>\r\n<tr>\r\n<td width=\"47\">17.<\/td>\r\n<td width=\"529\">+ Stefan Kawa - int. od Anny, Marka i Patrycji Wilusz\u00f3w<\/td>\r\n<td width=\"123\">23.04.2026.<\/td>\r\n<\/tr>\r\n<tr>\r\n<td width=\"47\">18.<\/td>\r\n<td width=\"529\">+ Stefan Kawa - int. od Henryka \u015aliwy<\/td>\r\n<td width=\"123\">24.04.2026.<\/td>\r\n<\/tr>\r\n<tr>\r\n<td width=\"47\">19.<\/td>\r\n<td width=\"529\">+ Stefan Kawa - int. od Aleksandry i Damiana Kaw\u00f3w<\/td>\r\n<td width=\"123\">25.04.2026.<\/td>\r\n<\/tr>\r\n<tr>\r\n<td width=\"47\">20.<\/td>\r\n<td width=\"529\">+ Stefan Kawa - int. od Stanis\u0142awa Pa\u0142ysa z rodzin\u0105<\/td>\r\n<td width=\"123\">26.04.2026.<\/td>\r\n<\/tr>\r\n<tr>\r\n<td width=\"47\">21.<\/td>\r\n<td width=\"529\">+ Stefan Kawa - int. od Katarzyny i Stanis\u0142awa Kaw\u00f3w z rodzin\u0105<\/td>\r\n<td width=\"123\">27.04.2026.<\/td>\r\n<\/tr>\r\n<tr>\r\n<td width=\"47\">22.<\/td>\r\n<td width=\"529\">+ Stefan Kawa - int. od Wies\u0142awy Stec rodzin\u0105<\/td>\r\n<td width=\"123\">28.04.2026.<\/td>\r\n<\/tr>\r\n<tr>\r\n<td width=\"47\">23.<\/td>\r\n<td width=\"529\">+ Stefan Kawa - int. od Lilizny i Macieja D\u0105browskich<\/td>\r\n<td width=\"123\">29.04.2026.<\/td>\r\n<\/tr>\r\n<tr>\r\n<td width=\"47\">24.<\/td>\r\n<td width=\"529\">+ Stefan Kawa - int. od Haliny i Haliny Strz\u0119pk\u00f3w<\/td>\r\n<td width=\"123\">30.04.2026.<\/td>\r\n<\/tr>\r\n<tr>\r\n<td width=\"47\">25.<\/td>\r\n<td width=\"529\">+ Stefan Kawa - int. od Danuty i J\u00f3zefa Pelewicz\u00f3w<\/td>\r\n<td width=\"123\">1.05.2026.<\/td>\r\n<\/tr>\r\n<tr>\r\n<td width=\"47\">26.<\/td>\r\n<td width=\"529\">+ Stefan Kawa - int. od Aliny i Stanis\u0142awa Stasiowskich<\/td>\r\n<td width=\"123\">2.05.2026.<\/td>\r\n<\/tr>\r\n<tr>\r\n<td width=\"47\">27.<\/td>\r\n<td width=\"529\">+ Stefan Kawa - int. od J\u00f3zefa i Marii Posiad\u0142o<\/td>\r\n<td width=\"123\">3.05.2026.<\/td>\r\n<\/tr>\r\n<tr>\r\n<td width=\"47\">28.<\/td>\r\n<td width=\"529\">+ Stefan Kawa - int. od uczestnik\u00f3w pogrzebu<\/td>\r\n<td width=\"123\">4.05.2026.<\/td>\r\n<\/tr>\r\n<tr>\r\n<td width=\"47\">29.<\/td>\r\n<td width=\"529\">+ Stefan Kawa - int. od uczestnik\u00f3w pogrzebu<\/td>\r\n<td width=\"123\">5.05.2026.<\/td>\r\n<\/tr>\r\n<tr>\r\n<td width=\"47\">30.<\/td>\r\n<td width=\"529\">+ Stefan Kawa - int. od uczestnik\u00f3w pogrzebu<\/td>\r\n<td width=\"123\">6.05.2026.<\/td>\r\n<\/tr>\r\n<\/tbody>\r\n<\/table>\r\n&nbsp;\n\r\n\r\n\r\n<p>&nbsp;<\/p>\r\n","protected":false},"excerpt":{"rendered":"<p>Intencje pogrzebowe &nbsp;<\/p>\n","protected":false},"author":1,"featured_media":0,"parent":0,"menu_order":0,"comment_status":"closed","ping_status":"closed","template":"","meta":[],"_links":{"self":[{"href":"https:\/\/www.wysokastrzyz.rzeszow.opoka.org.pl\/index.php\/wp-json\/wp\/v2\/pages\/2294"}],"collection":[{"href":"https:\/\/www.wysokastrzyz.rzeszow.opoka.org.pl\/index.php\/wp-json\/wp\/v2\/pages"}],"about":[{"href":"https:\/\/www.wysokastrzyz.rzeszow.opoka.org.pl\/index.php\/wp-json\/wp\/v2\/types\/page"}],"author":[{"embeddable":true,"href":"https:\/\/www.wysokastrzyz.rzeszow.opoka.org.pl\/index.php\/wp-json\/wp\/v2\/users\/1"}],"replies":[{"embeddable":true,"href":"https:\/\/www.wysokastrzyz.rzeszow.opoka.org.pl\/index.php\/wp-json\/wp\/v2\/comments?post=2294"}],"version-history":[{"count":43,"href":"https:\/\/www.wysokastrzyz.rzeszow.opoka.org.pl\/index.php\/wp-json\/wp\/v2\/pages\/2294\/revisions"}],"predecessor-version":[{"id":4492,"href":"https:\/\/www.wysokastrzyz.rzeszow.opoka.org.pl\/index.php\/wp-json\/wp\/v2\/pages\/2294\/revisions\/4492"}],"wp:attachment":[{"href":"https:\/\/www.wysokastrzyz.rzeszow.opoka.org.pl\/index.php\/wp-json\/wp\/v2\/media?parent=2294"}],"curies":[{"name":"wp","href":"https:\/\/api.w.org\/{rel}","templated":true}]}}