{"id":1012,"date":"2012-10-28T14:18:54","date_gmt":"2012-10-28T14:18:54","guid":{"rendered":"http:\/\/www.wysokastrzyz.rzeszow.opoka.org.pl\/?page_id=1012"},"modified":"2017-11-25T16:44:20","modified_gmt":"2017-11-25T16:44:20","slug":"historia-parafii","status":"publish","type":"page","link":"https:\/\/www.wysokastrzyz.rzeszow.opoka.org.pl\/index.php\/historia-parafii","title":{"rendered":"Historia parafii"},"content":{"rendered":"<p>Miejscowo\u015b\u0107 Wysoka Strzy\u017cowska nale\u017ca\u0142a w przesz\u0142o\u015bci do parafii Dobrzech\u00f3w. Kilka lat przed wybuchem wojny w 1914 r.\u00a0 zamieszka\u0142 w Wysokiej ks. Franciszek Salezy Jenkner. W domu mia\u0142 urz\u0105dzon\u0105 kaplic\u0119, gdzie na nabo\u017ce\u0144stwa przybywali okoliczni mieszka\u0144cy. Z ofiar otrzymywanych za leczenie zio\u0142ami, prac\u0119 naukow\u0105, malarstwo ufundowa\u0142 3 dzwony do przysz\u0142ego ko\u015bcio\u0142a, kt\u00f3re przetrwa\u0142y zawieruchy wojenne. W 1914 r. wr\u00f3ci\u0142 do rodzinnych W\u0119gier i tam zako\u0144czy\u0142 \u017cycie.\u00a0 My\u015bl budowy ko\u015bcio\u0142a w Wysokiej podda\u0142 ks. Karol J\u00f3zef Fischer &#8211; \u00f3wczesny proboszcz w Dobrzechowie, a p\u00f3\u017aniejszy sufragan przemyski. W 1907 r. utworzono Komitet Budowy Ko\u015bcio\u0142a i zam\u00f3wiono plany u architekta przemyskiego &#8211; Stanis\u0142awa Majewskiego. Hrabia Micha\u0142owski &#8211; w\u0142a\u015bciciel d\u00f3br w Dobrzechowie i trzech folwark\u00f3w w Wysokiej darowa\u0142 kamie\u0144 na fundament i dach\u00f3wk\u0119. W 1908 r. bp J\u00f3zef Sebastian Pelczar, Biskup Przemyski, po\u015bwi\u0119ci\u0142 kamie\u0144 w\u0119gielny pod nowy ko\u015bci\u00f3\u0142. Budowa trwa\u0142a 9 lat z powodu wojny. Nowo zbudowany ko\u015bci\u00f3\u0142 w stylu neogotyckim po\u015bwi\u0119ci\u0142 w 1919 r. Ks. Wojciech Wn\u0119k &#8211; proboszcz z Dobrzechowa. Konsekracji ko\u015bcio\u0142a pod wezwaniem \u015bw. J\u00f3zefa dokona\u0142 16. 09.1923 r. bp Karol J\u00f3zef Fischer.<\/p>\n<p><img decoding=\"async\" loading=\"lazy\" class=\"size-full wp-image-119 alignleft\" title=\"Ko\u015bci\u00f3\u0142 w Wysokiej Strzy\u017cowskiej\" src=\"http:\/\/www.wysokastrzyz.rzeszow.opoka.org.pl\/wp-content\/uploads\/2010\/02\/IMG_3080.jpg\" alt=\"\" width=\"500\" height=\"667\" srcset=\"https:\/\/www.wysokastrzyz.rzeszow.opoka.org.pl\/wp-content\/uploads\/2010\/02\/IMG_3080.jpg 500w, https:\/\/www.wysokastrzyz.rzeszow.opoka.org.pl\/wp-content\/uploads\/2010\/02\/IMG_3080-224x300.jpg 224w\" sizes=\"(max-width: 500px) 100vw, 500px\" \/><\/p>\n<p>&nbsp;<\/p>\n<p>Pierwszym duszpasterzem by\u0142 ks. Walenty Szast, kt\u00f3ry obj\u0105\u0142 duszpasterstwo w Wysokiej w 1918 r. Pod koniec 1922 r. wikariuszem w Dobrzechowie zosta\u0142 ks. Micha\u0142 Grzy\u015b z przeznaczeniem do Wysokiej. Za jego proboszczowania doko\u0144czono i uposa\u017cono ko\u015bci\u00f3\u0142 oraz wybudowano plebani\u0119 i budynki gospodarcze.\u00a0 W latach 1962-1966 proboszczem parafii by\u0142 ksi\u0105dz Franciszek Mr\u00f3z, a nast\u0119pnie ksi\u0105dz Mieczys\u0142aw Folta. W czasie jego duszpasterzowania zosta\u0142y zabezpieczone p\u0119kaj\u0105ce mury ko\u015bcio\u0142a oraz wybudowano dwa punkty katechetyczne i now\u0105 plebani\u0119. Po nag\u0142ej \u015bmierci ksi\u0119dza Folty w grudniu 1996 r. proboszczem zosta\u0142 ksi\u0105dz Marian Ra\u017anikiewicz, kt\u00f3ry podj\u0105\u0142 trud duchowy i materialny odnowy parafii. Wsp\u00f3\u0142pracuje z Rad\u0105 Parafialna, dzi\u0119ki ofiarno\u015bci parafian, zmodernizowano i uposa\u017cono now\u0105 plebani\u0119, zagospodarowano jej obej\u015bcie, wyremontowano star\u0105 plebanie i przeznaczono na Dom Parafialny nadaj\u0105c mu imi\u0119 Jana Paw\u0142a II, wybudowano jubileuszow\u0105 Kaplic\u0119 \u015bw. J\u00f3zefa Patrona Parafii, uporz\u0105dkowano i ogrodzono cmentarz, a w 2001 rozpocz\u0119to kapitalny remont ko\u015bcio\u0142a, wykonuj\u0105c min ekologiczne ogrzewanie.<\/p>\n<p>Duchowy obraz \u017cycia parafialnego w Wysokiej Strzy\u017cowskiej kszta\u0142tuj\u0105 r\u00f3\u017cne grupy modlitewne poprzez swoj\u0105 prac\u0119, zaanga\u017cowanie i modlitw\u0119. Z duszpasterzami wsp\u00f3\u0142pracuje Rada Parafialna, grupa charytatywna &#8222;Caritas&#8221;, Ko\u0142o Parafialne Stowarzyszenia Rodzin Katolickich, Katolickie Stowarzyszenie M\u0142odzie\u017cy, Ko\u0142o Misyjne, R\u00f3\u017ce R\u00f3\u017ca\u0144cowe, schola, ministranci i lektorzy.<\/p>\n","protected":false},"excerpt":{"rendered":"<p>Miejscowo\u015b\u0107 Wysoka Strzy\u017cowska nale\u017ca\u0142a w przesz\u0142o\u015bci do parafii Dobrzech\u00f3w. Kilka lat przed wybuchem wojny w 1914 r.\u00a0 zamieszka\u0142 w Wysokiej ks. Franciszek Salezy Jenkner. W<\/p>\n","protected":false},"author":1,"featured_media":2441,"parent":0,"menu_order":0,"comment_status":"closed","ping_status":"closed","template":"","meta":[],"_links":{"self":[{"href":"https:\/\/www.wysokastrzyz.rzeszow.opoka.org.pl\/index.php\/wp-json\/wp\/v2\/pages\/1012"}],"collection":[{"href":"https:\/\/www.wysokastrzyz.rzeszow.opoka.org.pl\/index.php\/wp-json\/wp\/v2\/pages"}],"about":[{"href":"https:\/\/www.wysokastrzyz.rzeszow.opoka.org.pl\/index.php\/wp-json\/wp\/v2\/types\/page"}],"author":[{"embeddable":true,"href":"https:\/\/www.wysokastrzyz.rzeszow.opoka.org.pl\/index.php\/wp-json\/wp\/v2\/users\/1"}],"replies":[{"embeddable":true,"href":"https:\/\/www.wysokastrzyz.rzeszow.opoka.org.pl\/index.php\/wp-json\/wp\/v2\/comments?post=1012"}],"version-history":[{"count":9,"href":"https:\/\/www.wysokastrzyz.rzeszow.opoka.org.pl\/index.php\/wp-json\/wp\/v2\/pages\/1012\/revisions"}],"predecessor-version":[{"id":2445,"href":"https:\/\/www.wysokastrzyz.rzeszow.opoka.org.pl\/index.php\/wp-json\/wp\/v2\/pages\/1012\/revisions\/2445"}],"wp:featuredmedia":[{"embeddable":true,"href":"https:\/\/www.wysokastrzyz.rzeszow.opoka.org.pl\/index.php\/wp-json\/wp\/v2\/media\/2441"}],"wp:attachment":[{"href":"https:\/\/www.wysokastrzyz.rzeszow.opoka.org.pl\/index.php\/wp-json\/wp\/v2\/media?parent=1012"}],"curies":[{"name":"wp","href":"https:\/\/api.w.org\/{rel}","templated":true}]}}